{"id":2992,"date":"2026-03-20T13:06:38","date_gmt":"2026-03-20T19:06:38","guid":{"rendered":"https:\/\/somos-hermanos.mx\/?page_id=2992"},"modified":"2026-03-20T13:06:38","modified_gmt":"2026-03-20T19:06:38","slug":"agenda","status":"publish","type":"page","link":"https:\/\/somos-hermanos.mx\/index.php\/agenda\/","title":{"rendered":"Agenda"},"content":{"rendered":"\n<p>La agenda del altruismo y el voluntariado impulsa la participaci\u00f3n social como motor de cambio, promoviendo acciones solidarias que fortalecen a las comunidades y generan impacto positivo. Desde la visi\u00f3n de Somos Hermanos, se busca visibilizar el trabajo de las organizaciones civiles y acercar a m\u00e1s personas a causas sociales relevantes.<\/p>\n\n\n\n<h4 class=\"wp-block-heading\"><strong>\u00bfEn qu\u00e9 consiste?<\/strong><\/h4>\n\n\n\n<p><br>Consiste en difundir, conectar y movilizar a la sociedad a trav\u00e9s de contenidos, historias de impacto y espacios que facilitan la participaci\u00f3n ciudadana. Integra acciones como campa\u00f1as de sensibilizaci\u00f3n, difusi\u00f3n de iniciativas sociales, promoci\u00f3n del voluntariado y vinculaci\u00f3n con organizaciones.<\/p>\n\n\n\n<h4 class=\"wp-block-heading\"><strong>\u00bfPara qu\u00e9 es?<\/strong><\/h4>\n\n\n\n<p>Su prop\u00f3sito es fomentar una cultura de altruismo, incentivar la colaboraci\u00f3n social y aumentar la participaci\u00f3n de voluntarios, donantes y aliados, contribuyendo as\u00ed al desarrollo y bienestar de las comunidades.<\/p>\n\n\n\n<h3 class=\"wp-block-heading has-luminous-vivid-orange-color has-text-color has-link-color wp-elements-d78e8ccf8cd6579b6c749825722b5be5\">Marzo<\/h3>\n\n\n\n<div class=\"wp-block-media-text is-stacked-on-mobile\"><figure class=\"wp-block-media-text__media\"><img loading=\"lazy\" decoding=\"async\" width=\"1024\" height=\"1003\" src=\"https:\/\/somos-hermanos.mx\/wp-content\/uploads\/2026\/03\/ConCiencia-Financiera-2026-1024x1003.jpg\" alt=\"ConCiencia\" class=\"wp-image-2993 size-full\" srcset=\"https:\/\/somos-hermanos.mx\/wp-content\/uploads\/2026\/03\/ConCiencia-Financiera-2026-1024x1003.jpg 1024w, https:\/\/somos-hermanos.mx\/wp-content\/uploads\/2026\/03\/ConCiencia-Financiera-2026-300x294.jpg 300w, https:\/\/somos-hermanos.mx\/wp-content\/uploads\/2026\/03\/ConCiencia-Financiera-2026-768x752.jpg 768w, https:\/\/somos-hermanos.mx\/wp-content\/uploads\/2026\/03\/ConCiencia-Financiera-2026.jpg 1102w\" sizes=\"auto, (max-width: 1024px) 100vw, 1024px\" \/><\/figure><div class=\"wp-block-media-text__content\">\n<p>CONCIENCIA FINANCIERA 2026<br>Consulta aqu\u00ed la informaci\u00f3n<\/p>\n\n\n\n<div class=\"wp-block-buttons is-layout-flex wp-block-buttons-is-layout-flex\">\n<div class=\"wp-block-button\"><a class=\"wp-block-button__link wp-element-button\" href=\"https:\/\/somos-hermanos.mx\/index.php\/2026\/03\/18\/mexico-impulsa-el-bienestar-economico-guia-completa-de-la-global-money-week-2026\/\">Ver convocatoria<\/a><\/div>\n<\/div>\n<\/div><\/div>\n","protected":false},"excerpt":{"rendered":"<p>La agenda del altruismo y el voluntariado impulsa la participaci\u00f3n social como motor de cambio, promoviendo acciones solidarias que fortalecen a las comunidades y generan impacto positivo. Desde la visi\u00f3n de Somos Hermanos, se busca visibilizar el trabajo de las organizaciones civiles y acercar a m\u00e1s personas a causas sociales relevantes. \u00bfEn qu\u00e9 consiste? Consiste [&hellip;]<\/p>\n","protected":false},"author":1,"featured_media":0,"parent":0,"menu_order":0,"comment_status":"closed","ping_status":"closed","template":"","meta":{"footnotes":""},"class_list":["post-2992","page","type-page","status-publish","hentry"],"yoast_head":"<!-- This site is optimized with the Yoast SEO plugin v27.5 - https:\/\/yoast.com\/product\/yoast-seo-wordpress\/ -->\n<title>Agenda - Historias que inspiran...<\/title>\n<meta name=\"robots\" content=\"index, follow, max-snippet:-1, max-image-preview:large, max-video-preview:-1\" \/>\n<link rel=\"canonical\" href=\"https:\/\/somos-hermanos.mx\/index.php\/agenda\/\" \/>\n<meta property=\"og:locale\" content=\"es_MX\" \/>\n<meta property=\"og:type\" content=\"article\" \/>\n<meta property=\"og:title\" content=\"Agenda - Historias que inspiran...\" \/>\n<meta property=\"og:description\" content=\"La agenda del altruismo y el voluntariado impulsa la participaci\u00f3n social como motor de cambio, promoviendo acciones solidarias que fortalecen a las comunidades y generan impacto positivo. Desde la visi\u00f3n de Somos Hermanos, se busca visibilizar el trabajo de las organizaciones civiles y acercar a m\u00e1s personas a causas sociales relevantes. \u00bfEn qu\u00e9 consiste? Consiste [&hellip;]\" \/>\n<meta property=\"og:url\" content=\"https:\/\/somos-hermanos.mx\/index.php\/agenda\/\" \/>\n<meta property=\"og:site_name\" content=\"Historias que inspiran...\" \/>\n<meta property=\"article:publisher\" content=\"https:\/\/www.facebook.com\/SomosHermanosIAP\/\" \/>\n<meta property=\"og:image\" content=\"https:\/\/somos-hermanos.mx\/wp-content\/uploads\/2026\/03\/ConCiencia-Financiera-2026.jpg\" \/>\n\t<meta property=\"og:image:width\" content=\"1102\" \/>\n\t<meta property=\"og:image:height\" content=\"1079\" \/>\n\t<meta property=\"og:image:type\" content=\"image\/jpeg\" \/>\n<meta name=\"twitter:card\" content=\"summary_large_image\" \/>\n<meta name=\"twitter:site\" content=\"@Somos__Hermanos\" \/>\n<meta name=\"twitter:label1\" content=\"Tiempo de lectura\" \/>\n\t<meta name=\"twitter:data1\" content=\"1 minuto\" \/>\n<script type=\"application\/ld+json\" class=\"yoast-schema-graph\">{\"@context\":\"https:\\\/\\\/schema.org\",\"@graph\":[{\"@type\":\"WebPage\",\"@id\":\"https:\\\/\\\/somos-hermanos.mx\\\/index.php\\\/agenda\\\/\",\"url\":\"https:\\\/\\\/somos-hermanos.mx\\\/index.php\\\/agenda\\\/\",\"name\":\"Agenda - Historias que inspiran...\",\"isPartOf\":{\"@id\":\"https:\\\/\\\/somos-hermanos.mx\\\/#website\"},\"primaryImageOfPage\":{\"@id\":\"https:\\\/\\\/somos-hermanos.mx\\\/index.php\\\/agenda\\\/#primaryimage\"},\"image\":{\"@id\":\"https:\\\/\\\/somos-hermanos.mx\\\/index.php\\\/agenda\\\/#primaryimage\"},\"thumbnailUrl\":\"https:\\\/\\\/somos-hermanos.mx\\\/wp-content\\\/uploads\\\/2026\\\/03\\\/ConCiencia-Financiera-2026-1024x1003.jpg\",\"datePublished\":\"2026-03-20T19:06:38+00:00\",\"breadcrumb\":{\"@id\":\"https:\\\/\\\/somos-hermanos.mx\\\/index.php\\\/agenda\\\/#breadcrumb\"},\"inLanguage\":\"es\",\"potentialAction\":[{\"@type\":\"ReadAction\",\"target\":[\"https:\\\/\\\/somos-hermanos.mx\\\/index.php\\\/agenda\\\/\"]}]},{\"@type\":\"ImageObject\",\"inLanguage\":\"es\",\"@id\":\"https:\\\/\\\/somos-hermanos.mx\\\/index.php\\\/agenda\\\/#primaryimage\",\"url\":\"https:\\\/\\\/somos-hermanos.mx\\\/wp-content\\\/uploads\\\/2026\\\/03\\\/ConCiencia-Financiera-2026.jpg\",\"contentUrl\":\"https:\\\/\\\/somos-hermanos.mx\\\/wp-content\\\/uploads\\\/2026\\\/03\\\/ConCiencia-Financiera-2026.jpg\",\"width\":1102,\"height\":1079,\"caption\":\"ConCiencia\"},{\"@type\":\"BreadcrumbList\",\"@id\":\"https:\\\/\\\/somos-hermanos.mx\\\/index.php\\\/agenda\\\/#breadcrumb\",\"itemListElement\":[{\"@type\":\"ListItem\",\"position\":1,\"name\":\"Inicio\",\"item\":\"https:\\\/\\\/somos-hermanos.mx\\\/\"},{\"@type\":\"ListItem\",\"position\":2,\"name\":\"Agenda\"}]},{\"@type\":\"WebSite\",\"@id\":\"https:\\\/\\\/somos-hermanos.mx\\\/#website\",\"url\":\"https:\\\/\\\/somos-hermanos.mx\\\/\",\"name\":\"Historias que inspiran...\",\"description\":\"Somos la voz del altruismo en M\u00e9xico\",\"publisher\":{\"@id\":\"https:\\\/\\\/somos-hermanos.mx\\\/#organization\"},\"potentialAction\":[{\"@type\":\"SearchAction\",\"target\":{\"@type\":\"EntryPoint\",\"urlTemplate\":\"https:\\\/\\\/somos-hermanos.mx\\\/?s={search_term_string}\"},\"query-input\":{\"@type\":\"PropertyValueSpecification\",\"valueRequired\":true,\"valueName\":\"search_term_string\"}}],\"inLanguage\":\"es\"},{\"@type\":\"Organization\",\"@id\":\"https:\\\/\\\/somos-hermanos.mx\\\/#organization\",\"name\":\"Somos Hermanos\",\"url\":\"https:\\\/\\\/somos-hermanos.mx\\\/\",\"logo\":{\"@type\":\"ImageObject\",\"inLanguage\":\"es\",\"@id\":\"https:\\\/\\\/somos-hermanos.mx\\\/#\\\/schema\\\/logo\\\/image\\\/\",\"url\":\"https:\\\/\\\/somos-hermanos.mx\\\/wp-content\\\/uploads\\\/2025\\\/08\\\/SH30-1.jpeg\",\"contentUrl\":\"https:\\\/\\\/somos-hermanos.mx\\\/wp-content\\\/uploads\\\/2025\\\/08\\\/SH30-1.jpeg\",\"width\":1600,\"height\":1142,\"caption\":\"Somos Hermanos\"},\"image\":{\"@id\":\"https:\\\/\\\/somos-hermanos.mx\\\/#\\\/schema\\\/logo\\\/image\\\/\"},\"sameAs\":[\"https:\\\/\\\/www.facebook.com\\\/SomosHermanosIAP\\\/\",\"https:\\\/\\\/x.com\\\/Somos__Hermanos\",\"https:\\\/\\\/www.instagram.com\\\/somos__hermanos\\\/#\",\"https:\\\/\\\/www.tiktok.com\\\/@somoshermanosiap\",\"https:\\\/\\\/www.youtube.com\\\/@somoshermanosiap1201\\\/videos\"]}]}<\/script>\n<!-- \/ Yoast SEO plugin. -->","yoast_head_json":{"title":"Agenda - Historias que inspiran...","robots":{"index":"index","follow":"follow","max-snippet":"max-snippet:-1","max-image-preview":"max-image-preview:large","max-video-preview":"max-video-preview:-1"},"canonical":"https:\/\/somos-hermanos.mx\/index.php\/agenda\/","og_locale":"es_MX","og_type":"article","og_title":"Agenda - Historias que inspiran...","og_description":"La agenda del altruismo y el voluntariado impulsa la participaci\u00f3n social como motor de cambio, promoviendo acciones solidarias que fortalecen a las comunidades y generan impacto positivo. Desde la visi\u00f3n de Somos Hermanos, se busca visibilizar el trabajo de las organizaciones civiles y acercar a m\u00e1s personas a causas sociales relevantes. \u00bfEn qu\u00e9 consiste? Consiste [&hellip;]","og_url":"https:\/\/somos-hermanos.mx\/index.php\/agenda\/","og_site_name":"Historias que inspiran...","article_publisher":"https:\/\/www.facebook.com\/SomosHermanosIAP\/","og_image":[{"width":1102,"height":1079,"url":"https:\/\/somos-hermanos.mx\/wp-content\/uploads\/2026\/03\/ConCiencia-Financiera-2026.jpg","type":"image\/jpeg"}],"twitter_card":"summary_large_image","twitter_site":"@Somos__Hermanos","twitter_misc":{"Tiempo de lectura":"1 minuto"},"schema":{"@context":"https:\/\/schema.org","@graph":[{"@type":"WebPage","@id":"https:\/\/somos-hermanos.mx\/index.php\/agenda\/","url":"https:\/\/somos-hermanos.mx\/index.php\/agenda\/","name":"Agenda - Historias que inspiran...","isPartOf":{"@id":"https:\/\/somos-hermanos.mx\/#website"},"primaryImageOfPage":{"@id":"https:\/\/somos-hermanos.mx\/index.php\/agenda\/#primaryimage"},"image":{"@id":"https:\/\/somos-hermanos.mx\/index.php\/agenda\/#primaryimage"},"thumbnailUrl":"https:\/\/somos-hermanos.mx\/wp-content\/uploads\/2026\/03\/ConCiencia-Financiera-2026-1024x1003.jpg","datePublished":"2026-03-20T19:06:38+00:00","breadcrumb":{"@id":"https:\/\/somos-hermanos.mx\/index.php\/agenda\/#breadcrumb"},"inLanguage":"es","potentialAction":[{"@type":"ReadAction","target":["https:\/\/somos-hermanos.mx\/index.php\/agenda\/"]}]},{"@type":"ImageObject","inLanguage":"es","@id":"https:\/\/somos-hermanos.mx\/index.php\/agenda\/#primaryimage","url":"https:\/\/somos-hermanos.mx\/wp-content\/uploads\/2026\/03\/ConCiencia-Financiera-2026.jpg","contentUrl":"https:\/\/somos-hermanos.mx\/wp-content\/uploads\/2026\/03\/ConCiencia-Financiera-2026.jpg","width":1102,"height":1079,"caption":"ConCiencia"},{"@type":"BreadcrumbList","@id":"https:\/\/somos-hermanos.mx\/index.php\/agenda\/#breadcrumb","itemListElement":[{"@type":"ListItem","position":1,"name":"Inicio","item":"https:\/\/somos-hermanos.mx\/"},{"@type":"ListItem","position":2,"name":"Agenda"}]},{"@type":"WebSite","@id":"https:\/\/somos-hermanos.mx\/#website","url":"https:\/\/somos-hermanos.mx\/","name":"Historias que inspiran...","description":"Somos la voz del altruismo en M\u00e9xico","publisher":{"@id":"https:\/\/somos-hermanos.mx\/#organization"},"potentialAction":[{"@type":"SearchAction","target":{"@type":"EntryPoint","urlTemplate":"https:\/\/somos-hermanos.mx\/?s={search_term_string}"},"query-input":{"@type":"PropertyValueSpecification","valueRequired":true,"valueName":"search_term_string"}}],"inLanguage":"es"},{"@type":"Organization","@id":"https:\/\/somos-hermanos.mx\/#organization","name":"Somos Hermanos","url":"https:\/\/somos-hermanos.mx\/","logo":{"@type":"ImageObject","inLanguage":"es","@id":"https:\/\/somos-hermanos.mx\/#\/schema\/logo\/image\/","url":"https:\/\/somos-hermanos.mx\/wp-content\/uploads\/2025\/08\/SH30-1.jpeg","contentUrl":"https:\/\/somos-hermanos.mx\/wp-content\/uploads\/2025\/08\/SH30-1.jpeg","width":1600,"height":1142,"caption":"Somos Hermanos"},"image":{"@id":"https:\/\/somos-hermanos.mx\/#\/schema\/logo\/image\/"},"sameAs":["https:\/\/www.facebook.com\/SomosHermanosIAP\/","https:\/\/x.com\/Somos__Hermanos","https:\/\/www.instagram.com\/somos__hermanos\/#","https:\/\/www.tiktok.com\/@somoshermanosiap","https:\/\/www.youtube.com\/@somoshermanosiap1201\/videos"]}]}},"_links":{"self":[{"href":"https:\/\/somos-hermanos.mx\/index.php\/wp-json\/wp\/v2\/pages\/2992","targetHints":{"allow":["GET"]}}],"collection":[{"href":"https:\/\/somos-hermanos.mx\/index.php\/wp-json\/wp\/v2\/pages"}],"about":[{"href":"https:\/\/somos-hermanos.mx\/index.php\/wp-json\/wp\/v2\/types\/page"}],"author":[{"embeddable":true,"href":"https:\/\/somos-hermanos.mx\/index.php\/wp-json\/wp\/v2\/users\/1"}],"replies":[{"embeddable":true,"href":"https:\/\/somos-hermanos.mx\/index.php\/wp-json\/wp\/v2\/comments?post=2992"}],"version-history":[{"count":1,"href":"https:\/\/somos-hermanos.mx\/index.php\/wp-json\/wp\/v2\/pages\/2992\/revisions"}],"predecessor-version":[{"id":2994,"href":"https:\/\/somos-hermanos.mx\/index.php\/wp-json\/wp\/v2\/pages\/2992\/revisions\/2994"}],"wp:attachment":[{"href":"https:\/\/somos-hermanos.mx\/index.php\/wp-json\/wp\/v2\/media?parent=2992"}],"curies":[{"name":"wp","href":"https:\/\/api.w.org\/{rel}","templated":true}]}}