{"id":255,"date":"2025-08-03T06:06:22","date_gmt":"2025-08-03T12:06:22","guid":{"rendered":"https:\/\/somos-hermanos.mx\/?page_id=255"},"modified":"2025-08-03T06:14:47","modified_gmt":"2025-08-03T12:14:47","slug":"objetivos","status":"publish","type":"page","link":"https:\/\/somos-hermanos.mx\/index.php\/objetivos\/","title":{"rendered":"Objetivos"},"content":{"rendered":"\n<p>Que nuestros lectores conozcan las fuentes gubernamentales y privadas de bienes y servicios en materia de salud emocional, f\u00edsica, material y ps\u00edquica.<\/p>\n\n\n\n<blockquote class=\"wp-block-quote is-layout-flow wp-block-quote-is-layout-flow\">\n<p>Misi\u00f3n<\/p>\n<\/blockquote>\n\n\n\n<p>Fortalecer, difundir y promover el altruismo, la solidaridad y los valores humanos en todos los medios de comunicaci\u00f3n posibles para fomentar la unidad y el desarrollo social de M\u00e9xico.<\/p>\n\n\n\n<blockquote class=\"wp-block-quote is-layout-flow wp-block-quote-is-layout-flow\">\n<p>Visi\u00f3n<\/p>\n<\/blockquote>\n\n\n\n<p>Fortalecer la unidad y el desarrollo mediante la difusi\u00f3n efectiva en medios informativos de las actividades altruistas de la sociedad civil organizada en materia de asistencia, promoci\u00f3n, prevenci\u00f3n y liberaci\u00f3n del ser humano en situaci\u00f3n vulnerable.<\/p>\n\n\n\n<blockquote class=\"wp-block-quote is-layout-flow wp-block-quote-is-layout-flow\">\n<p>Valores<\/p>\n<\/blockquote>\n\n\n\n<p>Nuestra l\u00ednea editorial es el respeto a la vida, de ah\u00ed que promovemos todo aquello que fortalezca a la persona humana, el matrimonio, la pluralidad religiosa, el estudio, el trabajo y el sentido de familia y comunidad.<\/p>\n\n\n\n<blockquote class=\"wp-block-quote is-layout-flow wp-block-quote-is-layout-flow\">\n<p>Objeto Social<\/p>\n<\/blockquote>\n\n\n\n<p>Promover el altruismo para coadyuvar con el Gobierno en el cumplimiento de la responsabilidad compartida de asistir a las necesidades de auxilio de la sociedad, mediante actos de solidaridad y la asistencia en todas sus formas en favor de los grupos desvalidos y las clases marginadas.<\/p>\n\n\n\n<blockquote class=\"wp-block-quote is-layout-flow wp-block-quote-is-layout-flow\">\n<p>\u00bfC\u00f3mo lo hacemos?<\/p>\n<\/blockquote>\n\n\n\n<p>Ofrecemos todas las herramientas de comunicaci\u00f3n a nuestro alcance para difundir las actividades y propuestas de las organizaciones de la sociedad civil (OSC).<\/p>\n","protected":false},"excerpt":{"rendered":"<p>Que nuestros lectores conozcan las fuentes gubernamentales y privadas de bienes y servicios en materia de salud emocional, f\u00edsica, material y ps\u00edquica. Misi\u00f3n Fortalecer, difundir y promover el altruismo, la solidaridad y los valores humanos en todos los medios de comunicaci\u00f3n posibles para fomentar la unidad y el desarrollo social de M\u00e9xico. Visi\u00f3n Fortalecer la [&hellip;]<\/p>\n","protected":false},"author":1,"featured_media":0,"parent":0,"menu_order":0,"comment_status":"closed","ping_status":"closed","template":"","meta":{"footnotes":""},"class_list":["post-255","page","type-page","status-publish","hentry"],"yoast_head":"<!-- This site is optimized with the Yoast SEO plugin v27.4 - https:\/\/yoast.com\/product\/yoast-seo-wordpress\/ -->\n<title>Objetivos - Historias que inspiran...<\/title>\n<meta name=\"robots\" content=\"index, follow, max-snippet:-1, max-image-preview:large, max-video-preview:-1\" \/>\n<link rel=\"canonical\" href=\"https:\/\/somos-hermanos.mx\/index.php\/objetivos\/\" \/>\n<meta property=\"og:locale\" content=\"es_MX\" \/>\n<meta property=\"og:type\" content=\"article\" \/>\n<meta property=\"og:title\" content=\"Objetivos - Historias que inspiran...\" \/>\n<meta property=\"og:description\" content=\"Que nuestros lectores conozcan las fuentes gubernamentales y privadas de bienes y servicios en materia de salud emocional, f\u00edsica, material y ps\u00edquica. Misi\u00f3n Fortalecer, difundir y promover el altruismo, la solidaridad y los valores humanos en todos los medios de comunicaci\u00f3n posibles para fomentar la unidad y el desarrollo social de M\u00e9xico. Visi\u00f3n Fortalecer la [&hellip;]\" \/>\n<meta property=\"og:url\" content=\"https:\/\/somos-hermanos.mx\/index.php\/objetivos\/\" \/>\n<meta property=\"og:site_name\" content=\"Historias que inspiran...\" \/>\n<meta property=\"article:publisher\" content=\"https:\/\/www.facebook.com\/SomosHermanosIAP\/\" \/>\n<meta property=\"article:modified_time\" content=\"2025-08-03T12:14:47+00:00\" \/>\n<meta name=\"twitter:card\" content=\"summary_large_image\" \/>\n<meta name=\"twitter:site\" content=\"@Somos__Hermanos\" \/>\n<script type=\"application\/ld+json\" class=\"yoast-schema-graph\">{\"@context\":\"https:\\\/\\\/schema.org\",\"@graph\":[{\"@type\":\"WebPage\",\"@id\":\"https:\\\/\\\/somos-hermanos.mx\\\/index.php\\\/objetivos\\\/\",\"url\":\"https:\\\/\\\/somos-hermanos.mx\\\/index.php\\\/objetivos\\\/\",\"name\":\"Objetivos - Historias que inspiran...\",\"isPartOf\":{\"@id\":\"https:\\\/\\\/somos-hermanos.mx\\\/#website\"},\"datePublished\":\"2025-08-03T12:06:22+00:00\",\"dateModified\":\"2025-08-03T12:14:47+00:00\",\"breadcrumb\":{\"@id\":\"https:\\\/\\\/somos-hermanos.mx\\\/index.php\\\/objetivos\\\/#breadcrumb\"},\"inLanguage\":\"es\",\"potentialAction\":[{\"@type\":\"ReadAction\",\"target\":[\"https:\\\/\\\/somos-hermanos.mx\\\/index.php\\\/objetivos\\\/\"]}]},{\"@type\":\"BreadcrumbList\",\"@id\":\"https:\\\/\\\/somos-hermanos.mx\\\/index.php\\\/objetivos\\\/#breadcrumb\",\"itemListElement\":[{\"@type\":\"ListItem\",\"position\":1,\"name\":\"Inicio\",\"item\":\"https:\\\/\\\/somos-hermanos.mx\\\/\"},{\"@type\":\"ListItem\",\"position\":2,\"name\":\"Objetivos\"}]},{\"@type\":\"WebSite\",\"@id\":\"https:\\\/\\\/somos-hermanos.mx\\\/#website\",\"url\":\"https:\\\/\\\/somos-hermanos.mx\\\/\",\"name\":\"Historias que inspiran...\",\"description\":\"Somos la voz del altruismo en M\u00e9xico\",\"publisher\":{\"@id\":\"https:\\\/\\\/somos-hermanos.mx\\\/#organization\"},\"potentialAction\":[{\"@type\":\"SearchAction\",\"target\":{\"@type\":\"EntryPoint\",\"urlTemplate\":\"https:\\\/\\\/somos-hermanos.mx\\\/?s={search_term_string}\"},\"query-input\":{\"@type\":\"PropertyValueSpecification\",\"valueRequired\":true,\"valueName\":\"search_term_string\"}}],\"inLanguage\":\"es\"},{\"@type\":\"Organization\",\"@id\":\"https:\\\/\\\/somos-hermanos.mx\\\/#organization\",\"name\":\"Somos Hermanos\",\"url\":\"https:\\\/\\\/somos-hermanos.mx\\\/\",\"logo\":{\"@type\":\"ImageObject\",\"inLanguage\":\"es\",\"@id\":\"https:\\\/\\\/somos-hermanos.mx\\\/#\\\/schema\\\/logo\\\/image\\\/\",\"url\":\"https:\\\/\\\/somos-hermanos.mx\\\/wp-content\\\/uploads\\\/2025\\\/08\\\/SH30-1.jpeg\",\"contentUrl\":\"https:\\\/\\\/somos-hermanos.mx\\\/wp-content\\\/uploads\\\/2025\\\/08\\\/SH30-1.jpeg\",\"width\":1600,\"height\":1142,\"caption\":\"Somos Hermanos\"},\"image\":{\"@id\":\"https:\\\/\\\/somos-hermanos.mx\\\/#\\\/schema\\\/logo\\\/image\\\/\"},\"sameAs\":[\"https:\\\/\\\/www.facebook.com\\\/SomosHermanosIAP\\\/\",\"https:\\\/\\\/x.com\\\/Somos__Hermanos\",\"https:\\\/\\\/www.instagram.com\\\/somos__hermanos\\\/#\",\"https:\\\/\\\/www.tiktok.com\\\/@somoshermanosiap\",\"https:\\\/\\\/www.youtube.com\\\/@somoshermanosiap1201\\\/videos\"]}]}<\/script>\n<!-- \/ Yoast SEO plugin. -->","yoast_head_json":{"title":"Objetivos - Historias que inspiran...","robots":{"index":"index","follow":"follow","max-snippet":"max-snippet:-1","max-image-preview":"max-image-preview:large","max-video-preview":"max-video-preview:-1"},"canonical":"https:\/\/somos-hermanos.mx\/index.php\/objetivos\/","og_locale":"es_MX","og_type":"article","og_title":"Objetivos - Historias que inspiran...","og_description":"Que nuestros lectores conozcan las fuentes gubernamentales y privadas de bienes y servicios en materia de salud emocional, f\u00edsica, material y ps\u00edquica. Misi\u00f3n Fortalecer, difundir y promover el altruismo, la solidaridad y los valores humanos en todos los medios de comunicaci\u00f3n posibles para fomentar la unidad y el desarrollo social de M\u00e9xico. Visi\u00f3n Fortalecer la [&hellip;]","og_url":"https:\/\/somos-hermanos.mx\/index.php\/objetivos\/","og_site_name":"Historias que inspiran...","article_publisher":"https:\/\/www.facebook.com\/SomosHermanosIAP\/","article_modified_time":"2025-08-03T12:14:47+00:00","twitter_card":"summary_large_image","twitter_site":"@Somos__Hermanos","schema":{"@context":"https:\/\/schema.org","@graph":[{"@type":"WebPage","@id":"https:\/\/somos-hermanos.mx\/index.php\/objetivos\/","url":"https:\/\/somos-hermanos.mx\/index.php\/objetivos\/","name":"Objetivos - Historias que inspiran...","isPartOf":{"@id":"https:\/\/somos-hermanos.mx\/#website"},"datePublished":"2025-08-03T12:06:22+00:00","dateModified":"2025-08-03T12:14:47+00:00","breadcrumb":{"@id":"https:\/\/somos-hermanos.mx\/index.php\/objetivos\/#breadcrumb"},"inLanguage":"es","potentialAction":[{"@type":"ReadAction","target":["https:\/\/somos-hermanos.mx\/index.php\/objetivos\/"]}]},{"@type":"BreadcrumbList","@id":"https:\/\/somos-hermanos.mx\/index.php\/objetivos\/#breadcrumb","itemListElement":[{"@type":"ListItem","position":1,"name":"Inicio","item":"https:\/\/somos-hermanos.mx\/"},{"@type":"ListItem","position":2,"name":"Objetivos"}]},{"@type":"WebSite","@id":"https:\/\/somos-hermanos.mx\/#website","url":"https:\/\/somos-hermanos.mx\/","name":"Historias que inspiran...","description":"Somos la voz del altruismo en M\u00e9xico","publisher":{"@id":"https:\/\/somos-hermanos.mx\/#organization"},"potentialAction":[{"@type":"SearchAction","target":{"@type":"EntryPoint","urlTemplate":"https:\/\/somos-hermanos.mx\/?s={search_term_string}"},"query-input":{"@type":"PropertyValueSpecification","valueRequired":true,"valueName":"search_term_string"}}],"inLanguage":"es"},{"@type":"Organization","@id":"https:\/\/somos-hermanos.mx\/#organization","name":"Somos Hermanos","url":"https:\/\/somos-hermanos.mx\/","logo":{"@type":"ImageObject","inLanguage":"es","@id":"https:\/\/somos-hermanos.mx\/#\/schema\/logo\/image\/","url":"https:\/\/somos-hermanos.mx\/wp-content\/uploads\/2025\/08\/SH30-1.jpeg","contentUrl":"https:\/\/somos-hermanos.mx\/wp-content\/uploads\/2025\/08\/SH30-1.jpeg","width":1600,"height":1142,"caption":"Somos Hermanos"},"image":{"@id":"https:\/\/somos-hermanos.mx\/#\/schema\/logo\/image\/"},"sameAs":["https:\/\/www.facebook.com\/SomosHermanosIAP\/","https:\/\/x.com\/Somos__Hermanos","https:\/\/www.instagram.com\/somos__hermanos\/#","https:\/\/www.tiktok.com\/@somoshermanosiap","https:\/\/www.youtube.com\/@somoshermanosiap1201\/videos"]}]}},"_links":{"self":[{"href":"https:\/\/somos-hermanos.mx\/index.php\/wp-json\/wp\/v2\/pages\/255","targetHints":{"allow":["GET"]}}],"collection":[{"href":"https:\/\/somos-hermanos.mx\/index.php\/wp-json\/wp\/v2\/pages"}],"about":[{"href":"https:\/\/somos-hermanos.mx\/index.php\/wp-json\/wp\/v2\/types\/page"}],"author":[{"embeddable":true,"href":"https:\/\/somos-hermanos.mx\/index.php\/wp-json\/wp\/v2\/users\/1"}],"replies":[{"embeddable":true,"href":"https:\/\/somos-hermanos.mx\/index.php\/wp-json\/wp\/v2\/comments?post=255"}],"version-history":[{"count":4,"href":"https:\/\/somos-hermanos.mx\/index.php\/wp-json\/wp\/v2\/pages\/255\/revisions"}],"predecessor-version":[{"id":260,"href":"https:\/\/somos-hermanos.mx\/index.php\/wp-json\/wp\/v2\/pages\/255\/revisions\/260"}],"wp:attachment":[{"href":"https:\/\/somos-hermanos.mx\/index.php\/wp-json\/wp\/v2\/media?parent=255"}],"curies":[{"name":"wp","href":"https:\/\/api.w.org\/{rel}","templated":true}]}}