{"id":201,"date":"2025-08-02T23:35:33","date_gmt":"2025-08-03T05:35:33","guid":{"rendered":"https:\/\/somos-hermanos.mx\/?page_id=201"},"modified":"2025-08-05T22:47:48","modified_gmt":"2025-08-06T04:47:48","slug":"columnas","status":"publish","type":"page","link":"https:\/\/somos-hermanos.mx\/index.php\/columnas\/","title":{"rendered":"Columnistas"},"content":{"rendered":"\n<div class=\"wp-block-media-text has-media-on-the-right is-stacked-on-mobile\" style=\"grid-template-columns:auto 24%\"><div class=\"wp-block-media-text__content\">\n<p class=\"has-text-align-center\"><strong><mark style=\"background-color:rgba(0, 0, 0, 0);color:#cf2e2e\" class=\"has-inline-color\">Ana Teresa L\u00f3pez de Llergo<\/mark><\/strong><\/p>\n\n\n\n<p class=\"has-text-align-left\">MIRAR EN LO PROFUNDO <\/p>\n\n\n\n<p class=\"has-text-align-left\"><mark style=\"background-color: rgba(0, 0, 0, 0);\" class=\"has-inline-color has-contrast-color\"><b>Qu\u00edmica y pedagoga, historiadora y especialista en temas de filosof\u00eda y valores humanos. Ha colaborado en m\u00e1s de 50 revistas nacionales e internacionales, adem\u00e1s de escribir diversos libros sobre familia, educaci\u00f3n y valores.<\/b><\/mark><\/p>\n<\/div><figure class=\"wp-block-media-text__media\"><img loading=\"lazy\" decoding=\"async\" width=\"157\" height=\"159\" src=\"https:\/\/somos-hermanos.mx\/wp-content\/uploads\/2025\/08\/ATLL.png\" alt=\"\" class=\"wp-image-1215 size-full\"\/><\/figure><\/div>\n\n\n\n<div class=\"wp-block-buttons is-content-justification-center is-layout-flex wp-container-core-buttons-is-layout-749adb30 wp-block-buttons-is-layout-flex\">\n<div class=\"wp-block-button\"><a class=\"wp-block-button__link wp-element-button\" href=\"https:\/\/somos-hermanos.mx\/index.php\/category\/columnas\/ana-teresa-lopez-de-llergo\/\">Reflexiones<\/a><\/div>\n<\/div>\n\n\n\n<div class=\"wp-block-media-text is-stacked-on-mobile\" style=\"grid-template-columns:24% auto\"><figure class=\"wp-block-media-text__media\"><img loading=\"lazy\" decoding=\"async\" width=\"153\" height=\"156\" src=\"https:\/\/somos-hermanos.mx\/wp-content\/uploads\/2025\/08\/PMTS.png\" alt=\"\" class=\"wp-image-1218 size-full\"\/><\/figure><div class=\"wp-block-media-text__content\">\n<p class=\"has-text-align-center\"><strong><mark style=\"background-color:rgba(0, 0, 0, 0);color:#cf2e2e\" class=\"has-inline-color\">Pablo Mier y Ter\u00e1n Sierra<\/mark><\/strong><\/p>\n\n\n\n<p class=\"has-text-align-left\"><strong><mark style=\"background-color:rgba(0, 0, 0, 0)\" class=\"has-inline-color has-contrast-color\">Fundador de Mier y Ter\u00e1n &amp; Asociados, agencia de Relaciones P\u00fablicas y Comunicaci\u00f3n con m\u00e1s de 20 a\u00f1os de operar en M\u00e9xico. Columnista y comentarista en diversos medios de comunicaci\u00f3n. Autor del BestSeller, Adolescencia Riesgo Total.<\/mark><\/strong><\/p>\n<\/div><\/div>\n\n\n\n<div class=\"wp-block-buttons is-content-justification-center is-layout-flex wp-container-core-buttons-is-layout-a89b3969 wp-block-buttons-is-layout-flex\">\n<div class=\"wp-block-button\"><a class=\"wp-block-button__link wp-element-button\" href=\"https:\/\/somos-hermanos.mx\/index.php\/category\/columnas\/pablo-mier-y-teran-sierra\/\">Reflexiones<\/a><\/div>\n<\/div>\n\n\n\n<div class=\"wp-block-media-text has-media-on-the-right is-stacked-on-mobile\" style=\"grid-template-columns:auto 25%\"><div class=\"wp-block-media-text__content\">\n<p class=\"has-text-align-center\"><strong><mark style=\"background-color:rgba(0, 0, 0, 0);color:#cf2e2e\" class=\"has-inline-color\">Gabriel Mart\u00ednez Navarrete<\/mark><\/strong><\/p>\n\n\n\n<p class=\"has-text-align-left\">SIN MIEDO A LA VIDA Y SIN MIEDO A LA MUERTE <\/p>\n\n\n\n<p class=\"has-text-align-left\"><mark style=\"background-color: rgba(0, 0, 0, 0);\" class=\"has-inline-color has-contrast-color\"><b>En sus colaboraciones el columnista nos compartir\u00e1 sus pensamientos, reflexiones e invitaci\u00f3n sobre la vida personal, en comunidad y la finalidad de nuestras acciones todo para vivir con m\u00e1s plenitud y poder irnos satisfechos.<\/b><\/mark><\/p>\n<\/div><figure class=\"wp-block-media-text__media\"><img loading=\"lazy\" decoding=\"async\" width=\"140\" height=\"141\" src=\"https:\/\/somos-hermanos.mx\/wp-content\/uploads\/2025\/08\/GMN.png\" alt=\"\" class=\"wp-image-1225 size-full\"\/><\/figure><\/div>\n\n\n\n<div class=\"wp-block-buttons is-content-justification-center is-layout-flex wp-container-core-buttons-is-layout-a89b3969 wp-block-buttons-is-layout-flex\">\n<div class=\"wp-block-button\"><a class=\"wp-block-button__link wp-element-button\" href=\"https:\/\/somos-hermanos.mx\/index.php\/category\/columnas\/gabriel-martinez-navarrete\/\">Reflexiones<\/a><\/div>\n<\/div>\n\n\n\n<div class=\"wp-block-media-text is-stacked-on-mobile\" style=\"grid-template-columns:25% auto\"><figure class=\"wp-block-media-text__media\"><img loading=\"lazy\" decoding=\"async\" width=\"148\" height=\"149\" src=\"https:\/\/somos-hermanos.mx\/wp-content\/uploads\/2025\/08\/FOGC.png\" alt=\"\" class=\"wp-image-1229 size-full\"\/><\/figure><div class=\"wp-block-media-text__content\">\n<p class=\"has-text-align-center\"><strong><mark style=\"background-color:rgba(0, 0, 0, 0);color:#cf2e2e\" class=\"has-inline-color\">Fernando \u00d3scar Garc\u00eda Ch\u00e1vez<\/mark><\/strong><\/p>\n\n\n\n<p class=\"has-text-align-left\">ESGRIMA EMPRESARIAL <\/p>\n\n\n\n<p class=\"has-text-align-left\"><mark style=\"background-color: rgba(0, 0, 0, 0);\" class=\"has-inline-color has-contrast-color\"><b>Desde el punto de vista empresarial, el Maestro Garc\u00eda Ch\u00e1vez busca contribuir socialmente, por medio de la \u00f3ptica de la honestidad, competitividad y productividad, al crecimiento econ\u00f3mico del pa\u00eds, aportando su experiencia y un punto de vista plural e integral.<\/b><\/mark><\/p>\n<\/div><\/div>\n\n\n\n<div class=\"wp-block-buttons is-content-justification-center is-layout-flex wp-container-core-buttons-is-layout-a89b3969 wp-block-buttons-is-layout-flex\">\n<div class=\"wp-block-button\"><a class=\"wp-block-button__link wp-element-button\" href=\"https:\/\/somos-hermanos.mx\/index.php\/category\/columnas\/fernando-oscar-garcia-chavez\/\">Reflexiones<\/a><\/div>\n<\/div>\n\n\n\n<div class=\"wp-block-media-text has-media-on-the-right is-stacked-on-mobile\" style=\"grid-template-columns:auto 25%\"><div class=\"wp-block-media-text__content\">\n<p class=\"has-text-align-center\"><strong><mark style=\"background-color:rgba(0, 0, 0, 0);color:#cf2e2e\" class=\"has-inline-color\">Editorial<\/mark><\/strong> <\/p>\n\n\n\n<p class=\"has-text-align-left\"><mark style=\"background-color: rgba(0, 0, 0, 0);\" class=\"has-inline-color has-contrast-color\"><b>Un pa\u00eds como M\u00e9xico con millones de personas en extrema pobreza, requiere, para su recuperaci\u00f3n pacifica, una cultura altruista y solidaria entre todos los sectores. De ah\u00ed que la editorial de Somos Hermanos abordar\u00e1 temas de inter\u00e9s com\u00fan alineados con nuestros principios y valores. Defensa de la vida, el matrimonio, la justicia social, la solidaridad, la paz, orden, misericordia y desarrollo humano<\/b><\/mark><\/p>\n<\/div><figure class=\"wp-block-media-text__media\"><img loading=\"lazy\" decoding=\"async\" width=\"149\" height=\"151\" src=\"https:\/\/somos-hermanos.mx\/wp-content\/uploads\/2025\/08\/EDIT.png\" alt=\"\" class=\"wp-image-1230 size-full\"\/><\/figure><\/div>\n\n\n\n<div class=\"wp-block-buttons is-content-justification-center is-layout-flex wp-container-core-buttons-is-layout-a89b3969 wp-block-buttons-is-layout-flex\">\n<div class=\"wp-block-button\"><a class=\"wp-block-button__link wp-element-button\" href=\"https:\/\/somos-hermanos.mx\/index.php\/category\/columnas\/editorial\/\">Reflexiones<\/a><\/div>\n<\/div>\n\n\n\n<div class=\"wp-block-media-text is-stacked-on-mobile\" style=\"grid-template-columns:25% auto\"><figure class=\"wp-block-media-text__media\"><img loading=\"lazy\" decoding=\"async\" width=\"141\" height=\"141\" src=\"https:\/\/somos-hermanos.mx\/wp-content\/uploads\/2025\/08\/AGR.png\" alt=\"\" class=\"wp-image-1231 size-full\"\/><\/figure><div class=\"wp-block-media-text__content\">\n<p class=\"has-text-align-center\"><strong><mark style=\"background-color:rgba(0, 0, 0, 0);color:#cf2e2e\" class=\"has-inline-color\">Adriana Garc\u00eda Ru\u00edz<\/mark><\/strong> <\/p>\n\n\n\n<p>DESDE LA RA\u00cdZ<\/p>\n\n\n\n<p class=\"has-text-align-left\"><mark style=\"background-color: rgba(0, 0, 0, 0);\" class=\"has-inline-color has-contrast-color\"><b>Naci\u00f3 en la Ciudad de M\u00e9xico en 1966. Licenciada en Educaci\u00f3n Preescolar con maestr\u00eda en Ciencias de la Educaci\u00f3n Familiar. Diplomada en Coaching Ontol\u00f3gico y Manejo de Emociones. Madre de cuatro hijos.<\/b><\/mark><\/p>\n<\/div><\/div>\n\n\n\n<div class=\"wp-block-buttons is-content-justification-center is-layout-flex wp-container-core-buttons-is-layout-a89b3969 wp-block-buttons-is-layout-flex\">\n<div class=\"wp-block-button\"><a class=\"wp-block-button__link wp-element-button\" href=\"https:\/\/somos-hermanos.mx\/index.php\/category\/columnas\/adriana-garcia-ruiz\/\">Reflexiones<\/a><\/div>\n<\/div>\n\n\n\n<div class=\"wp-block-media-text has-media-on-the-right is-stacked-on-mobile\" style=\"grid-template-columns:auto 25%\"><div class=\"wp-block-media-text__content\">\n<p class=\"has-text-align-center\"><strong><mark style=\"background-color:rgba(0, 0, 0, 0);color:#cf2e2e\" class=\"has-inline-color\">Socorro Eugenia Quijano Villanueva<\/mark><\/strong> <\/p>\n\n\n\n<p>ALGUIEN TA HA DICHO &#8220;VIVE&#8221;<\/p>\n\n\n\n<p class=\"has-text-align-left\"><strong>Licenciada en Derecho por la Universidad Aut\u00f3noma de Campeche; especialista en Filosof\u00eda Social y Pol\u00edtica y Comunicaci\u00f3n y Din\u00e1mica Social. En esta columna aborda temas de familia, valores humanos, amor, matrimonio y religi\u00f3n entre otros.<\/strong><\/p>\n<\/div><figure class=\"wp-block-media-text__media\"><img loading=\"lazy\" decoding=\"async\" width=\"152\" height=\"147\" src=\"https:\/\/somos-hermanos.mx\/wp-content\/uploads\/2025\/08\/SEQV.png\" alt=\"\" class=\"wp-image-1232 size-full\"\/><\/figure><\/div>\n\n\n\n<div class=\"wp-block-buttons is-content-justification-center is-layout-flex wp-container-core-buttons-is-layout-a89b3969 wp-block-buttons-is-layout-flex\">\n<div class=\"wp-block-button\"><a class=\"wp-block-button__link wp-element-button\" href=\"https:\/\/somos-hermanos.mx\/index.php\/category\/columnas\/socorro-eugenia-quijano-villanueva\/\">Reflexiones<\/a><\/div>\n<\/div>\n\n\n\n<div class=\"wp-block-media-text is-stacked-on-mobile\" style=\"grid-template-columns:25% auto\"><figure class=\"wp-block-media-text__media\"><img loading=\"lazy\" decoding=\"async\" width=\"136\" height=\"140\" src=\"https:\/\/somos-hermanos.mx\/wp-content\/uploads\/2025\/08\/MTM.png\" alt=\"\" class=\"wp-image-1233 size-full\"\/><\/figure><div class=\"wp-block-media-text__content\">\n<p class=\"has-text-align-center\"><strong><mark style=\"background-color:rgba(0, 0, 0, 0);color:#cf2e2e\" class=\"has-inline-color\">Mar\u00eda Teresa Magallanes<\/mark><\/strong> <\/p>\n\n\n\n<p>EDUCANDO DESDE EL CORAZ\u00d3N<\/p>\n\n\n\n<p class=\"has-text-align-left\"><strong>Es Orientadora Familiar por el Instituto de Ciencias de la Educaci\u00f3n de la Universidad de Navarra, Espa\u00f1a. Curs\u00f3 programas de \u201cOrientaci\u00f3n Familiar\u201d en el Instituto Panamericano de Ciencias de la Educaci\u00f3n y \u201cEmpresa-Familia\u201d en el Instituto Panamericano de Alta Direcci\u00f3n de Empresa (IPADE).<\/strong><\/p>\n<\/div><\/div>\n\n\n\n<div class=\"wp-block-buttons is-content-justification-center is-layout-flex wp-container-core-buttons-is-layout-a89b3969 wp-block-buttons-is-layout-flex\">\n<div class=\"wp-block-button\"><a class=\"wp-block-button__link wp-element-button\" href=\"https:\/\/somos-hermanos.mx\/index.php\/category\/columnas\/maria-teresa-magallanes\/\">Reflexiones<\/a><\/div>\n<\/div>\n\n\n\n<div class=\"wp-block-media-text has-media-on-the-right is-stacked-on-mobile\" style=\"grid-template-columns:auto 25%\"><div class=\"wp-block-media-text__content\">\n<p class=\"has-text-align-center\"><strong><mark style=\"background-color:rgba(0, 0, 0, 0);color:#cf2e2e\" class=\"has-inline-color\">Ra\u00fal Espinoza Aguilera<\/mark><\/strong> <\/p>\n\n\n\n<p>DESAF\u00cdOS Y RETOS<\/p>\n\n\n\n<p class=\"has-text-align-left\"><strong>Licenciado en Lengua y Literaturas Hisp\u00e1nicas (UNAM). Postgrado en Ciencias de la Comunicaci\u00f3n por la Universidad de Navarra. Estudios de Diplomado en Filosof\u00eda, Universidad Panamericana. Colabora en diversos medios de M\u00e9xico y el extranjero.<\/strong><\/p>\n<\/div><figure class=\"wp-block-media-text__media\"><img loading=\"lazy\" decoding=\"async\" width=\"153\" height=\"154\" src=\"https:\/\/somos-hermanos.mx\/wp-content\/uploads\/2025\/08\/REA.png\" alt=\"\" class=\"wp-image-1234 size-full\" srcset=\"https:\/\/somos-hermanos.mx\/wp-content\/uploads\/2025\/08\/REA.png 153w, https:\/\/somos-hermanos.mx\/wp-content\/uploads\/2025\/08\/REA-150x150.png 150w\" sizes=\"auto, (max-width: 153px) 100vw, 153px\" \/><\/figure><\/div>\n\n\n\n<div class=\"wp-block-buttons is-content-justification-center is-layout-flex wp-container-core-buttons-is-layout-a89b3969 wp-block-buttons-is-layout-flex\">\n<div class=\"wp-block-button\"><a class=\"wp-block-button__link wp-element-button\" href=\"https:\/\/somos-hermanos.mx\/index.php\/category\/columnas\/raul-espinoza-aguilera\/\">Reflexiones<\/a><\/div>\n<\/div>\n\n\n\n<div class=\"wp-block-media-text is-stacked-on-mobile\" style=\"grid-template-columns:25% auto\"><figure class=\"wp-block-media-text__media\"><img loading=\"lazy\" decoding=\"async\" width=\"138\" height=\"138\" src=\"https:\/\/somos-hermanos.mx\/wp-content\/uploads\/2025\/08\/DSD.png\" alt=\"\" class=\"wp-image-1235 size-full\"\/><\/figure><div class=\"wp-block-media-text__content\">\n<p class=\"has-text-align-center\"><strong><mark style=\"background-color:rgba(0, 0, 0, 0);color:#cf2e2e\" class=\"has-inline-color\">Diana Serv\u00edn Dom\u00ednguez<\/mark><\/strong> <\/p>\n\n\n\n<p>FORMAR PARA LA PAZ<\/p>\n\n\n\n<p class=\"has-text-align-left\"><strong>M\u00e1ster en Educaci\u00f3n en la Especialidad de Asesoramiento Educativo Familiar. Certificado por el Centro Universitario Villanueva y la Universidad Complutense de Madrid. Asesora de Lloyd International, en la elaboraci\u00f3n y desarrollo del Protocolo y Competencia ante el Bullying en la Educaci\u00f3n. Cofundadora del Premio Nacional de Salud.<\/strong><\/p>\n<\/div><\/div>\n\n\n\n<div class=\"wp-block-buttons is-content-justification-center is-layout-flex wp-container-core-buttons-is-layout-a89b3969 wp-block-buttons-is-layout-flex\">\n<div class=\"wp-block-button\"><a class=\"wp-block-button__link wp-element-button\" href=\"https:\/\/somos-hermanos.mx\/index.php\/category\/columnas\/diana-servin-dominguez\/\">Reflexiones<\/a><\/div>\n<\/div>\n\n\n\n<div class=\"wp-block-media-text has-media-on-the-right is-stacked-on-mobile\" style=\"grid-template-columns:auto 25%\"><div class=\"wp-block-media-text__content\">\n<p class=\"has-text-align-center\"><strong><mark style=\"background-color:rgba(0, 0, 0, 0);color:#cf2e2e\" class=\"has-inline-color\">Beatriz Achirica Ramos<\/mark><\/strong> <\/p>\n\n\n\n<p>OPORTUNIDADES<\/p>\n\n\n\n<p class=\"has-text-align-left\"><strong>Abogada con m\u00e1s de 20 a\u00f1os de experiencia en asuntos jur\u00eddico-corporativos. Asociada en diversos Despachos, Director Jur\u00eddico Adjunto en Citibank y Director de Relaciones Gubernamentales en Pernod Ricard. Coach certificada. Ha sido Directora General de diversas Fundaciones. Se desempe\u00f1o como Secretaria Ejecutiva de la Junta de Asistencia Privada del Distrito Federal. Experiencia docente. Estudios en Filosof\u00eda y Psicolog\u00eda.<\/strong><\/p>\n<\/div><figure class=\"wp-block-media-text__media\"><img loading=\"lazy\" decoding=\"async\" width=\"152\" height=\"153\" src=\"https:\/\/somos-hermanos.mx\/wp-content\/uploads\/2025\/08\/BAR.png\" alt=\"\" class=\"wp-image-1236 size-full\" srcset=\"https:\/\/somos-hermanos.mx\/wp-content\/uploads\/2025\/08\/BAR.png 152w, https:\/\/somos-hermanos.mx\/wp-content\/uploads\/2025\/08\/BAR-150x150.png 150w\" sizes=\"auto, (max-width: 152px) 100vw, 152px\" \/><\/figure><\/div>\n\n\n\n<div class=\"wp-block-buttons is-content-justification-center is-layout-flex wp-container-core-buttons-is-layout-a89b3969 wp-block-buttons-is-layout-flex\">\n<div class=\"wp-block-button\"><a class=\"wp-block-button__link wp-element-button\" href=\"https:\/\/somos-hermanos.mx\/index.php\/category\/columnas\/beatriz-achirica-ramos\/\">Reflexiones<\/a><\/div>\n<\/div>\n","protected":false},"excerpt":{"rendered":"<p>Ana Teresa L\u00f3pez de Llergo MIRAR EN LO PROFUNDO Qu\u00edmica y pedagoga, historiadora y especialista en temas de filosof\u00eda y valores humanos. Ha colaborado en m\u00e1s de 50 revistas nacionales e internacionales, adem\u00e1s de escribir diversos libros sobre familia, educaci\u00f3n y valores. Pablo Mier y Ter\u00e1n Sierra Fundador de Mier y Ter\u00e1n &amp; Asociados, agencia [&hellip;]<\/p>\n","protected":false},"author":1,"featured_media":0,"parent":0,"menu_order":0,"comment_status":"closed","ping_status":"closed","template":"","meta":{"footnotes":""},"class_list":["post-201","page","type-page","status-publish","hentry"],"yoast_head":"<!-- This site is optimized with the Yoast SEO plugin v27.4 - https:\/\/yoast.com\/product\/yoast-seo-wordpress\/ -->\n<title>Columnistas - Historias que inspiran...<\/title>\n<meta name=\"robots\" content=\"index, follow, max-snippet:-1, max-image-preview:large, max-video-preview:-1\" \/>\n<link rel=\"canonical\" href=\"https:\/\/somos-hermanos.mx\/index.php\/columnas\/\" \/>\n<meta property=\"og:locale\" content=\"es_MX\" \/>\n<meta property=\"og:type\" content=\"article\" \/>\n<meta property=\"og:title\" content=\"Columnistas - Historias que inspiran...\" \/>\n<meta property=\"og:description\" content=\"Ana Teresa L\u00f3pez de Llergo MIRAR EN LO PROFUNDO Qu\u00edmica y pedagoga, historiadora y especialista en temas de filosof\u00eda y valores humanos. Ha colaborado en m\u00e1s de 50 revistas nacionales e internacionales, adem\u00e1s de escribir diversos libros sobre familia, educaci\u00f3n y valores. Pablo Mier y Ter\u00e1n Sierra Fundador de Mier y Ter\u00e1n &amp; Asociados, agencia [&hellip;]\" \/>\n<meta property=\"og:url\" content=\"https:\/\/somos-hermanos.mx\/index.php\/columnas\/\" \/>\n<meta property=\"og:site_name\" content=\"Historias que inspiran...\" \/>\n<meta property=\"article:publisher\" content=\"https:\/\/www.facebook.com\/SomosHermanosIAP\/\" \/>\n<meta property=\"article:modified_time\" content=\"2025-08-06T04:47:48+00:00\" \/>\n<meta property=\"og:image\" content=\"https:\/\/somos-hermanos.mx\/wp-content\/uploads\/2025\/08\/ATLL.png\" \/>\n\t<meta property=\"og:image:width\" content=\"157\" \/>\n\t<meta property=\"og:image:height\" content=\"159\" \/>\n\t<meta property=\"og:image:type\" content=\"image\/png\" \/>\n<meta name=\"twitter:card\" content=\"summary_large_image\" \/>\n<meta name=\"twitter:site\" content=\"@Somos__Hermanos\" \/>\n<script type=\"application\/ld+json\" class=\"yoast-schema-graph\">{\"@context\":\"https:\\\/\\\/schema.org\",\"@graph\":[{\"@type\":\"WebPage\",\"@id\":\"https:\\\/\\\/somos-hermanos.mx\\\/index.php\\\/columnas\\\/\",\"url\":\"https:\\\/\\\/somos-hermanos.mx\\\/index.php\\\/columnas\\\/\",\"name\":\"Columnistas - Historias que inspiran...\",\"isPartOf\":{\"@id\":\"https:\\\/\\\/somos-hermanos.mx\\\/#website\"},\"primaryImageOfPage\":{\"@id\":\"https:\\\/\\\/somos-hermanos.mx\\\/index.php\\\/columnas\\\/#primaryimage\"},\"image\":{\"@id\":\"https:\\\/\\\/somos-hermanos.mx\\\/index.php\\\/columnas\\\/#primaryimage\"},\"thumbnailUrl\":\"https:\\\/\\\/somos-hermanos.mx\\\/wp-content\\\/uploads\\\/2025\\\/08\\\/ATLL.png\",\"datePublished\":\"2025-08-03T05:35:33+00:00\",\"dateModified\":\"2025-08-06T04:47:48+00:00\",\"breadcrumb\":{\"@id\":\"https:\\\/\\\/somos-hermanos.mx\\\/index.php\\\/columnas\\\/#breadcrumb\"},\"inLanguage\":\"es\",\"potentialAction\":[{\"@type\":\"ReadAction\",\"target\":[\"https:\\\/\\\/somos-hermanos.mx\\\/index.php\\\/columnas\\\/\"]}]},{\"@type\":\"ImageObject\",\"inLanguage\":\"es\",\"@id\":\"https:\\\/\\\/somos-hermanos.mx\\\/index.php\\\/columnas\\\/#primaryimage\",\"url\":\"https:\\\/\\\/somos-hermanos.mx\\\/wp-content\\\/uploads\\\/2025\\\/08\\\/ATLL.png\",\"contentUrl\":\"https:\\\/\\\/somos-hermanos.mx\\\/wp-content\\\/uploads\\\/2025\\\/08\\\/ATLL.png\",\"width\":157,\"height\":159},{\"@type\":\"BreadcrumbList\",\"@id\":\"https:\\\/\\\/somos-hermanos.mx\\\/index.php\\\/columnas\\\/#breadcrumb\",\"itemListElement\":[{\"@type\":\"ListItem\",\"position\":1,\"name\":\"Inicio\",\"item\":\"https:\\\/\\\/somos-hermanos.mx\\\/\"},{\"@type\":\"ListItem\",\"position\":2,\"name\":\"Columnistas\"}]},{\"@type\":\"WebSite\",\"@id\":\"https:\\\/\\\/somos-hermanos.mx\\\/#website\",\"url\":\"https:\\\/\\\/somos-hermanos.mx\\\/\",\"name\":\"Historias que inspiran...\",\"description\":\"Somos la voz del altruismo en M\u00e9xico\",\"publisher\":{\"@id\":\"https:\\\/\\\/somos-hermanos.mx\\\/#organization\"},\"potentialAction\":[{\"@type\":\"SearchAction\",\"target\":{\"@type\":\"EntryPoint\",\"urlTemplate\":\"https:\\\/\\\/somos-hermanos.mx\\\/?s={search_term_string}\"},\"query-input\":{\"@type\":\"PropertyValueSpecification\",\"valueRequired\":true,\"valueName\":\"search_term_string\"}}],\"inLanguage\":\"es\"},{\"@type\":\"Organization\",\"@id\":\"https:\\\/\\\/somos-hermanos.mx\\\/#organization\",\"name\":\"Somos Hermanos\",\"url\":\"https:\\\/\\\/somos-hermanos.mx\\\/\",\"logo\":{\"@type\":\"ImageObject\",\"inLanguage\":\"es\",\"@id\":\"https:\\\/\\\/somos-hermanos.mx\\\/#\\\/schema\\\/logo\\\/image\\\/\",\"url\":\"https:\\\/\\\/somos-hermanos.mx\\\/wp-content\\\/uploads\\\/2025\\\/08\\\/SH30-1.jpeg\",\"contentUrl\":\"https:\\\/\\\/somos-hermanos.mx\\\/wp-content\\\/uploads\\\/2025\\\/08\\\/SH30-1.jpeg\",\"width\":1600,\"height\":1142,\"caption\":\"Somos Hermanos\"},\"image\":{\"@id\":\"https:\\\/\\\/somos-hermanos.mx\\\/#\\\/schema\\\/logo\\\/image\\\/\"},\"sameAs\":[\"https:\\\/\\\/www.facebook.com\\\/SomosHermanosIAP\\\/\",\"https:\\\/\\\/x.com\\\/Somos__Hermanos\",\"https:\\\/\\\/www.instagram.com\\\/somos__hermanos\\\/#\",\"https:\\\/\\\/www.tiktok.com\\\/@somoshermanosiap\",\"https:\\\/\\\/www.youtube.com\\\/@somoshermanosiap1201\\\/videos\"]}]}<\/script>\n<!-- \/ Yoast SEO plugin. -->","yoast_head_json":{"title":"Columnistas - Historias que inspiran...","robots":{"index":"index","follow":"follow","max-snippet":"max-snippet:-1","max-image-preview":"max-image-preview:large","max-video-preview":"max-video-preview:-1"},"canonical":"https:\/\/somos-hermanos.mx\/index.php\/columnas\/","og_locale":"es_MX","og_type":"article","og_title":"Columnistas - Historias que inspiran...","og_description":"Ana Teresa L\u00f3pez de Llergo MIRAR EN LO PROFUNDO Qu\u00edmica y pedagoga, historiadora y especialista en temas de filosof\u00eda y valores humanos. Ha colaborado en m\u00e1s de 50 revistas nacionales e internacionales, adem\u00e1s de escribir diversos libros sobre familia, educaci\u00f3n y valores. Pablo Mier y Ter\u00e1n Sierra Fundador de Mier y Ter\u00e1n &amp; Asociados, agencia [&hellip;]","og_url":"https:\/\/somos-hermanos.mx\/index.php\/columnas\/","og_site_name":"Historias que inspiran...","article_publisher":"https:\/\/www.facebook.com\/SomosHermanosIAP\/","article_modified_time":"2025-08-06T04:47:48+00:00","og_image":[{"width":157,"height":159,"url":"https:\/\/somos-hermanos.mx\/wp-content\/uploads\/2025\/08\/ATLL.png","type":"image\/png"}],"twitter_card":"summary_large_image","twitter_site":"@Somos__Hermanos","schema":{"@context":"https:\/\/schema.org","@graph":[{"@type":"WebPage","@id":"https:\/\/somos-hermanos.mx\/index.php\/columnas\/","url":"https:\/\/somos-hermanos.mx\/index.php\/columnas\/","name":"Columnistas - Historias que inspiran...","isPartOf":{"@id":"https:\/\/somos-hermanos.mx\/#website"},"primaryImageOfPage":{"@id":"https:\/\/somos-hermanos.mx\/index.php\/columnas\/#primaryimage"},"image":{"@id":"https:\/\/somos-hermanos.mx\/index.php\/columnas\/#primaryimage"},"thumbnailUrl":"https:\/\/somos-hermanos.mx\/wp-content\/uploads\/2025\/08\/ATLL.png","datePublished":"2025-08-03T05:35:33+00:00","dateModified":"2025-08-06T04:47:48+00:00","breadcrumb":{"@id":"https:\/\/somos-hermanos.mx\/index.php\/columnas\/#breadcrumb"},"inLanguage":"es","potentialAction":[{"@type":"ReadAction","target":["https:\/\/somos-hermanos.mx\/index.php\/columnas\/"]}]},{"@type":"ImageObject","inLanguage":"es","@id":"https:\/\/somos-hermanos.mx\/index.php\/columnas\/#primaryimage","url":"https:\/\/somos-hermanos.mx\/wp-content\/uploads\/2025\/08\/ATLL.png","contentUrl":"https:\/\/somos-hermanos.mx\/wp-content\/uploads\/2025\/08\/ATLL.png","width":157,"height":159},{"@type":"BreadcrumbList","@id":"https:\/\/somos-hermanos.mx\/index.php\/columnas\/#breadcrumb","itemListElement":[{"@type":"ListItem","position":1,"name":"Inicio","item":"https:\/\/somos-hermanos.mx\/"},{"@type":"ListItem","position":2,"name":"Columnistas"}]},{"@type":"WebSite","@id":"https:\/\/somos-hermanos.mx\/#website","url":"https:\/\/somos-hermanos.mx\/","name":"Historias que inspiran...","description":"Somos la voz del altruismo en M\u00e9xico","publisher":{"@id":"https:\/\/somos-hermanos.mx\/#organization"},"potentialAction":[{"@type":"SearchAction","target":{"@type":"EntryPoint","urlTemplate":"https:\/\/somos-hermanos.mx\/?s={search_term_string}"},"query-input":{"@type":"PropertyValueSpecification","valueRequired":true,"valueName":"search_term_string"}}],"inLanguage":"es"},{"@type":"Organization","@id":"https:\/\/somos-hermanos.mx\/#organization","name":"Somos Hermanos","url":"https:\/\/somos-hermanos.mx\/","logo":{"@type":"ImageObject","inLanguage":"es","@id":"https:\/\/somos-hermanos.mx\/#\/schema\/logo\/image\/","url":"https:\/\/somos-hermanos.mx\/wp-content\/uploads\/2025\/08\/SH30-1.jpeg","contentUrl":"https:\/\/somos-hermanos.mx\/wp-content\/uploads\/2025\/08\/SH30-1.jpeg","width":1600,"height":1142,"caption":"Somos Hermanos"},"image":{"@id":"https:\/\/somos-hermanos.mx\/#\/schema\/logo\/image\/"},"sameAs":["https:\/\/www.facebook.com\/SomosHermanosIAP\/","https:\/\/x.com\/Somos__Hermanos","https:\/\/www.instagram.com\/somos__hermanos\/#","https:\/\/www.tiktok.com\/@somoshermanosiap","https:\/\/www.youtube.com\/@somoshermanosiap1201\/videos"]}]}},"_links":{"self":[{"href":"https:\/\/somos-hermanos.mx\/index.php\/wp-json\/wp\/v2\/pages\/201","targetHints":{"allow":["GET"]}}],"collection":[{"href":"https:\/\/somos-hermanos.mx\/index.php\/wp-json\/wp\/v2\/pages"}],"about":[{"href":"https:\/\/somos-hermanos.mx\/index.php\/wp-json\/wp\/v2\/types\/page"}],"author":[{"embeddable":true,"href":"https:\/\/somos-hermanos.mx\/index.php\/wp-json\/wp\/v2\/users\/1"}],"replies":[{"embeddable":true,"href":"https:\/\/somos-hermanos.mx\/index.php\/wp-json\/wp\/v2\/comments?post=201"}],"version-history":[{"count":19,"href":"https:\/\/somos-hermanos.mx\/index.php\/wp-json\/wp\/v2\/pages\/201\/revisions"}],"predecessor-version":[{"id":1238,"href":"https:\/\/somos-hermanos.mx\/index.php\/wp-json\/wp\/v2\/pages\/201\/revisions\/1238"}],"wp:attachment":[{"href":"https:\/\/somos-hermanos.mx\/index.php\/wp-json\/wp\/v2\/media?parent=201"}],"curies":[{"name":"wp","href":"https:\/\/api.w.org\/{rel}","templated":true}]}}