{"id":116,"date":"2025-08-02T01:49:47","date_gmt":"2025-08-02T01:49:47","guid":{"rendered":"https:\/\/somos-hermanos.mx\/?page_id=116"},"modified":"2025-08-06T21:50:50","modified_gmt":"2025-08-07T03:50:50","slug":"acerca-de-nosotros","status":"publish","type":"page","link":"https:\/\/somos-hermanos.mx\/index.php\/acerca-de-nosotros\/","title":{"rendered":"Nosotros Somos"},"content":{"rendered":"<p><strong>Remembranza y felicidad.<\/strong><\/p>\n<p><em>La medicina del altruismo<\/em><\/p>\n<p>Treinta a\u00f1os, 120 meses, tres mil 650 d\u00edas, ayer, hoy, cada d\u00eda, todos los d\u00edas&#8230; Un instante&#8230; Un instante de f\u00e9 nos provoc\u00f3 la esperanza y los deseos de caridad, justicia, equidad, paz y felicidad. M\u00e9xico necesitaba un nuevo empuje; una medicina que le sanara internamente y le devolviera la confianza en s\u00ed mismo. V\u00edctor Garc\u00eda Lizama propuso un medicamento: buenas noticias en medio del caos, la miseria, el miedo, la p\u00e9rdida y el duelo generalizados.<\/p>\n<p>Hab\u00eda que dar la buena noticia del amor de cada d\u00eda, las instituciones de asistencia privada tienen algo amable que decirnos y anunciar el mucho bien que ellas realizan para animar e invitar a Todo M\u00e9xico a vivir por la paz y el desarrollo. Garc\u00eda Lizama era, entonces, presidente de la Junta de Asistencia Privada del entonces Distrito Federal, hoy Ciudad de M\u00e9xico. Fernando Garc\u00eda Ru\u00edz, presidente de la Fundaci\u00f3n Jes\u00fas Garc\u00eda Figueroa, IAP, dedicada a becar estudiantes de escasos recursos y excelencia acad\u00e9mica, hizo eco a esta propuesta y en 1995 con su grupo en el Instituto Panamericano de Alta Direcci\u00f3n de Empresas (IPADE), se dio a la tarea de promover la creaci\u00f3n de un patronato para fundar de inmediato la Fundaci\u00f3n para la Promoci\u00f3n del Altruismo, IAP, que editaba el peri\u00f3dico Todo M\u00e9xico Somos Hermanos que funcionaba como medicina gratuita e incentivo estimulante para recuperar la f\u00e9, la esperanza y la caridad en torno a las divinas acciones humanas que sacian el hambre, sofocan el dolor, ofrecen cobijo, techo, trabajo, salud y un presente con futuro a los marginados, desplazados, relegados, abandonados, despreciados, olvidados y maltratados por un sistema fundamentado en la nada del ego\u00edsmo ignorante.<\/p>\n<p>Desde el principio, las mujeres y hombres que han destinado tiempo, dinero y esfuerzo en la promoci\u00f3n y difusi\u00f3n de las actividades altruistas de la sociedad civil, decidieron que este medio de comunicaci\u00f3n fuera de amplio alcance en el descubrimiento y puesta en evidencia de los m\u00e1s noble del ser humano: la caridad, la justicia, la verdad, la solidaridad, la amistad y el sentido de comunidad en busca del bien.<\/p>\n<p>A 30 a\u00f1os de haber iniciado formalmente una expedici\u00f3n por el mundo del altruismo y la filantrop\u00eda, nos mueve a narrar lo que vemos entre las personas que se dedican a realizar obras de beneficiencia en sus distintas vertientes: asistencia, promoci\u00f3n, liberaci\u00f3n y desarrollo<\/p>\n<p>&nbsp;<\/p>\n","protected":false},"excerpt":{"rendered":"<p>Remembranza y felicidad. La medicina del altruismo Treinta a\u00f1os, 120 meses, tres mil 650 d\u00edas, ayer, hoy, cada d\u00eda, todos los d\u00edas&#8230; Un instante&#8230; Un instante de f\u00e9 nos provoc\u00f3 la esperanza y los deseos de caridad, justicia, equidad, paz y felicidad. M\u00e9xico necesitaba un nuevo empuje; una medicina que le sanara internamente y le [&hellip;]<\/p>\n","protected":false},"author":1,"featured_media":0,"parent":0,"menu_order":0,"comment_status":"closed","ping_status":"closed","template":"","meta":{"footnotes":""},"class_list":["post-116","page","type-page","status-publish","hentry"],"yoast_head":"<!-- This site is optimized with the Yoast SEO plugin v27.4 - https:\/\/yoast.com\/product\/yoast-seo-wordpress\/ -->\n<title>Nosotros Somos - Historias que inspiran...<\/title>\n<meta name=\"robots\" content=\"index, follow, max-snippet:-1, max-image-preview:large, max-video-preview:-1\" \/>\n<link rel=\"canonical\" href=\"https:\/\/somos-hermanos.mx\/index.php\/acerca-de-nosotros\/\" \/>\n<meta property=\"og:locale\" content=\"es_MX\" \/>\n<meta property=\"og:type\" content=\"article\" \/>\n<meta property=\"og:title\" content=\"Nosotros Somos - Historias que inspiran...\" \/>\n<meta property=\"og:description\" content=\"Remembranza y felicidad. La medicina del altruismo Treinta a\u00f1os, 120 meses, tres mil 650 d\u00edas, ayer, hoy, cada d\u00eda, todos los d\u00edas&#8230; Un instante&#8230; Un instante de f\u00e9 nos provoc\u00f3 la esperanza y los deseos de caridad, justicia, equidad, paz y felicidad. M\u00e9xico necesitaba un nuevo empuje; una medicina que le sanara internamente y le [&hellip;]\" \/>\n<meta property=\"og:url\" content=\"https:\/\/somos-hermanos.mx\/index.php\/acerca-de-nosotros\/\" \/>\n<meta property=\"og:site_name\" content=\"Historias que inspiran...\" \/>\n<meta property=\"article:publisher\" content=\"https:\/\/www.facebook.com\/SomosHermanosIAP\/\" \/>\n<meta property=\"article:modified_time\" content=\"2025-08-07T03:50:50+00:00\" \/>\n<meta name=\"twitter:card\" content=\"summary_large_image\" \/>\n<meta name=\"twitter:site\" content=\"@Somos__Hermanos\" \/>\n<meta name=\"twitter:label1\" content=\"Tiempo de lectura\" \/>\n\t<meta name=\"twitter:data1\" content=\"2 minutos\" \/>\n<script type=\"application\/ld+json\" class=\"yoast-schema-graph\">{\"@context\":\"https:\\\/\\\/schema.org\",\"@graph\":[{\"@type\":\"WebPage\",\"@id\":\"https:\\\/\\\/somos-hermanos.mx\\\/index.php\\\/acerca-de-nosotros\\\/\",\"url\":\"https:\\\/\\\/somos-hermanos.mx\\\/index.php\\\/acerca-de-nosotros\\\/\",\"name\":\"Nosotros Somos - Historias que inspiran...\",\"isPartOf\":{\"@id\":\"https:\\\/\\\/somos-hermanos.mx\\\/#website\"},\"datePublished\":\"2025-08-02T01:49:47+00:00\",\"dateModified\":\"2025-08-07T03:50:50+00:00\",\"breadcrumb\":{\"@id\":\"https:\\\/\\\/somos-hermanos.mx\\\/index.php\\\/acerca-de-nosotros\\\/#breadcrumb\"},\"inLanguage\":\"es\",\"potentialAction\":[{\"@type\":\"ReadAction\",\"target\":[\"https:\\\/\\\/somos-hermanos.mx\\\/index.php\\\/acerca-de-nosotros\\\/\"]}]},{\"@type\":\"BreadcrumbList\",\"@id\":\"https:\\\/\\\/somos-hermanos.mx\\\/index.php\\\/acerca-de-nosotros\\\/#breadcrumb\",\"itemListElement\":[{\"@type\":\"ListItem\",\"position\":1,\"name\":\"Inicio\",\"item\":\"https:\\\/\\\/somos-hermanos.mx\\\/\"},{\"@type\":\"ListItem\",\"position\":2,\"name\":\"Nosotros Somos\"}]},{\"@type\":\"WebSite\",\"@id\":\"https:\\\/\\\/somos-hermanos.mx\\\/#website\",\"url\":\"https:\\\/\\\/somos-hermanos.mx\\\/\",\"name\":\"Historias que inspiran...\",\"description\":\"Somos la voz del altruismo en M\u00e9xico\",\"publisher\":{\"@id\":\"https:\\\/\\\/somos-hermanos.mx\\\/#organization\"},\"potentialAction\":[{\"@type\":\"SearchAction\",\"target\":{\"@type\":\"EntryPoint\",\"urlTemplate\":\"https:\\\/\\\/somos-hermanos.mx\\\/?s={search_term_string}\"},\"query-input\":{\"@type\":\"PropertyValueSpecification\",\"valueRequired\":true,\"valueName\":\"search_term_string\"}}],\"inLanguage\":\"es\"},{\"@type\":\"Organization\",\"@id\":\"https:\\\/\\\/somos-hermanos.mx\\\/#organization\",\"name\":\"Somos Hermanos\",\"url\":\"https:\\\/\\\/somos-hermanos.mx\\\/\",\"logo\":{\"@type\":\"ImageObject\",\"inLanguage\":\"es\",\"@id\":\"https:\\\/\\\/somos-hermanos.mx\\\/#\\\/schema\\\/logo\\\/image\\\/\",\"url\":\"https:\\\/\\\/somos-hermanos.mx\\\/wp-content\\\/uploads\\\/2025\\\/08\\\/SH30-1.jpeg\",\"contentUrl\":\"https:\\\/\\\/somos-hermanos.mx\\\/wp-content\\\/uploads\\\/2025\\\/08\\\/SH30-1.jpeg\",\"width\":1600,\"height\":1142,\"caption\":\"Somos Hermanos\"},\"image\":{\"@id\":\"https:\\\/\\\/somos-hermanos.mx\\\/#\\\/schema\\\/logo\\\/image\\\/\"},\"sameAs\":[\"https:\\\/\\\/www.facebook.com\\\/SomosHermanosIAP\\\/\",\"https:\\\/\\\/x.com\\\/Somos__Hermanos\",\"https:\\\/\\\/www.instagram.com\\\/somos__hermanos\\\/#\",\"https:\\\/\\\/www.tiktok.com\\\/@somoshermanosiap\",\"https:\\\/\\\/www.youtube.com\\\/@somoshermanosiap1201\\\/videos\"]}]}<\/script>\n<!-- \/ Yoast SEO plugin. -->","yoast_head_json":{"title":"Nosotros Somos - Historias que inspiran...","robots":{"index":"index","follow":"follow","max-snippet":"max-snippet:-1","max-image-preview":"max-image-preview:large","max-video-preview":"max-video-preview:-1"},"canonical":"https:\/\/somos-hermanos.mx\/index.php\/acerca-de-nosotros\/","og_locale":"es_MX","og_type":"article","og_title":"Nosotros Somos - Historias que inspiran...","og_description":"Remembranza y felicidad. La medicina del altruismo Treinta a\u00f1os, 120 meses, tres mil 650 d\u00edas, ayer, hoy, cada d\u00eda, todos los d\u00edas&#8230; Un instante&#8230; Un instante de f\u00e9 nos provoc\u00f3 la esperanza y los deseos de caridad, justicia, equidad, paz y felicidad. M\u00e9xico necesitaba un nuevo empuje; una medicina que le sanara internamente y le [&hellip;]","og_url":"https:\/\/somos-hermanos.mx\/index.php\/acerca-de-nosotros\/","og_site_name":"Historias que inspiran...","article_publisher":"https:\/\/www.facebook.com\/SomosHermanosIAP\/","article_modified_time":"2025-08-07T03:50:50+00:00","twitter_card":"summary_large_image","twitter_site":"@Somos__Hermanos","twitter_misc":{"Tiempo de lectura":"2 minutos"},"schema":{"@context":"https:\/\/schema.org","@graph":[{"@type":"WebPage","@id":"https:\/\/somos-hermanos.mx\/index.php\/acerca-de-nosotros\/","url":"https:\/\/somos-hermanos.mx\/index.php\/acerca-de-nosotros\/","name":"Nosotros Somos - Historias que inspiran...","isPartOf":{"@id":"https:\/\/somos-hermanos.mx\/#website"},"datePublished":"2025-08-02T01:49:47+00:00","dateModified":"2025-08-07T03:50:50+00:00","breadcrumb":{"@id":"https:\/\/somos-hermanos.mx\/index.php\/acerca-de-nosotros\/#breadcrumb"},"inLanguage":"es","potentialAction":[{"@type":"ReadAction","target":["https:\/\/somos-hermanos.mx\/index.php\/acerca-de-nosotros\/"]}]},{"@type":"BreadcrumbList","@id":"https:\/\/somos-hermanos.mx\/index.php\/acerca-de-nosotros\/#breadcrumb","itemListElement":[{"@type":"ListItem","position":1,"name":"Inicio","item":"https:\/\/somos-hermanos.mx\/"},{"@type":"ListItem","position":2,"name":"Nosotros Somos"}]},{"@type":"WebSite","@id":"https:\/\/somos-hermanos.mx\/#website","url":"https:\/\/somos-hermanos.mx\/","name":"Historias que inspiran...","description":"Somos la voz del altruismo en M\u00e9xico","publisher":{"@id":"https:\/\/somos-hermanos.mx\/#organization"},"potentialAction":[{"@type":"SearchAction","target":{"@type":"EntryPoint","urlTemplate":"https:\/\/somos-hermanos.mx\/?s={search_term_string}"},"query-input":{"@type":"PropertyValueSpecification","valueRequired":true,"valueName":"search_term_string"}}],"inLanguage":"es"},{"@type":"Organization","@id":"https:\/\/somos-hermanos.mx\/#organization","name":"Somos Hermanos","url":"https:\/\/somos-hermanos.mx\/","logo":{"@type":"ImageObject","inLanguage":"es","@id":"https:\/\/somos-hermanos.mx\/#\/schema\/logo\/image\/","url":"https:\/\/somos-hermanos.mx\/wp-content\/uploads\/2025\/08\/SH30-1.jpeg","contentUrl":"https:\/\/somos-hermanos.mx\/wp-content\/uploads\/2025\/08\/SH30-1.jpeg","width":1600,"height":1142,"caption":"Somos Hermanos"},"image":{"@id":"https:\/\/somos-hermanos.mx\/#\/schema\/logo\/image\/"},"sameAs":["https:\/\/www.facebook.com\/SomosHermanosIAP\/","https:\/\/x.com\/Somos__Hermanos","https:\/\/www.instagram.com\/somos__hermanos\/#","https:\/\/www.tiktok.com\/@somoshermanosiap","https:\/\/www.youtube.com\/@somoshermanosiap1201\/videos"]}]}},"_links":{"self":[{"href":"https:\/\/somos-hermanos.mx\/index.php\/wp-json\/wp\/v2\/pages\/116","targetHints":{"allow":["GET"]}}],"collection":[{"href":"https:\/\/somos-hermanos.mx\/index.php\/wp-json\/wp\/v2\/pages"}],"about":[{"href":"https:\/\/somos-hermanos.mx\/index.php\/wp-json\/wp\/v2\/types\/page"}],"author":[{"embeddable":true,"href":"https:\/\/somos-hermanos.mx\/index.php\/wp-json\/wp\/v2\/users\/1"}],"replies":[{"embeddable":true,"href":"https:\/\/somos-hermanos.mx\/index.php\/wp-json\/wp\/v2\/comments?post=116"}],"version-history":[{"count":5,"href":"https:\/\/somos-hermanos.mx\/index.php\/wp-json\/wp\/v2\/pages\/116\/revisions"}],"predecessor-version":[{"id":1252,"href":"https:\/\/somos-hermanos.mx\/index.php\/wp-json\/wp\/v2\/pages\/116\/revisions\/1252"}],"wp:attachment":[{"href":"https:\/\/somos-hermanos.mx\/index.php\/wp-json\/wp\/v2\/media?parent=116"}],"curies":[{"name":"wp","href":"https:\/\/api.w.org\/{rel}","templated":true}]}}